{"id":1370,"date":"2017-03-07T15:51:41","date_gmt":"2017-03-07T13:51:41","guid":{"rendered":"http:\/\/www.kulinaarineninstituutti.fi\/contact-information\/"},"modified":"2025-04-25T15:56:35","modified_gmt":"2025-04-25T12:56:35","slug":"contact-information","status":"publish","type":"page","link":"https:\/\/www.kulinaarineninstituutti.fi\/en\/contact-information\/","title":{"rendered":"Contact information"},"content":{"rendered":"\n  <div class=\"banner has-hover\" id=\"banner-168572072\">\n          <div class=\"banner-inner fill\">\n        <div class=\"banner-bg fill\" >\n            <img loading=\"lazy\" decoding=\"async\" width=\"1620\" height=\"1080\" src=\"https:\/\/www.kulinaarineninstituutti.fi\/wp-content\/uploads\/2025\/04\/aleksanterinkatu13-20250321_MG_5735-Large.jpg\" class=\"bg attachment-original size-original\" alt=\"\" \/>                        <div class=\"overlay\"><\/div>            \n                    <\/div>\n\t\t\n        <div class=\"banner-layers container\">\n            <div class=\"fill banner-link\"><\/div>            \n   <div id=\"text-box-1658415671\" class=\"text-box banner-layer x50 md-x50 lg-x50 y50 md-y50 lg-y50 res-text\">\n                                <div class=\"text-box-content text dark\">\n              \n              <div class=\"text-inner text-center\">\n                  \n\t<div id=\"text-3041414947\" class=\"text\">\n\t\t\n<h3>CULINARY INSTITUTE IN HELSINKI AND IN LEMP\u00c4\u00c4L\u00c4<\/h3>\n<p style=\"text-align: left;\">If you have any questions about our cooking classes, catering services or other services, please contact us, and we will respond to your query as soon as possible.<\/p>\n\t\t\n<style>\n#text-3041414947 {\n  font-size: 0.9rem;\n}\n<\/style>\n\t<\/div>\n\t\n              <\/div>\n           <\/div>\n                            \n<style>\n#text-box-1658415671 {\n  width: 90%;\n}\n#text-box-1658415671 .text-box-content {\n  font-size: 100%;\n}\n@media (min-width:550px) {\n  #text-box-1658415671 {\n    width: 60%;\n  }\n}\n<\/style>\n    <\/div>\n \n        <\/div>\n      <\/div>\n\n            \n<style>\n#banner-168572072 {\n  padding-top: 500px;\n}\n#banner-168572072 .overlay {\n  background-color: rgba(0, 0, 0, 0.17);\n}\n<\/style>\n  <\/div>\n\n\n<div class=\"row\"  id=\"row-852474261\">\n\n\t<div id=\"col-1790857301\" class=\"col medium-6 small-12 large-6\"  >\n\t\t\t\t<div class=\"col-inner\"  >\n\t\t\t\n\t\t\t\n\t<div class=\"img has-hover x md-x lg-x y md-y lg-y\" id=\"image_1559753997\">\n\t\t\t\t\t\t\t\t<div class=\"img-inner image-cover dark\" style=\"padding-top:200%;\">\n\t\t\t<img loading=\"lazy\" decoding=\"async\" width=\"1448\" height=\"2172\" src=\"https:\/\/www.kulinaarineninstituutti.fi\/wp-content\/uploads\/2025\/04\/aleksanterinkatu13-20250331_MG_6410_eilogoa_low.jpg\" class=\"attachment-original size-original\" alt=\"\" srcset=\"https:\/\/www.kulinaarineninstituutti.fi\/wp-content\/uploads\/2025\/04\/aleksanterinkatu13-20250331_MG_6410_eilogoa_low.jpg 1448w, https:\/\/www.kulinaarineninstituutti.fi\/wp-content\/uploads\/2025\/04\/aleksanterinkatu13-20250331_MG_6410_eilogoa_low-200x300.jpg 200w, https:\/\/www.kulinaarineninstituutti.fi\/wp-content\/uploads\/2025\/04\/aleksanterinkatu13-20250331_MG_6410_eilogoa_low-683x1024.jpg 683w, https:\/\/www.kulinaarineninstituutti.fi\/wp-content\/uploads\/2025\/04\/aleksanterinkatu13-20250331_MG_6410_eilogoa_low-768x1152.jpg 768w, https:\/\/www.kulinaarineninstituutti.fi\/wp-content\/uploads\/2025\/04\/aleksanterinkatu13-20250331_MG_6410_eilogoa_low-1024x1536.jpg 1024w, https:\/\/www.kulinaarineninstituutti.fi\/wp-content\/uploads\/2025\/04\/aleksanterinkatu13-20250331_MG_6410_eilogoa_low-1365x2048.jpg 1365w\" sizes=\"auto, (max-width: 1448px) 100vw, 1448px\" \/>\t\t\t\t\t\t\n\t\t\t\t\t<\/div>\n\t\t\t\t\t\t\t\t\n<style>\n#image_1559753997 {\n  width: 100%;\n}\n<\/style>\n\t<\/div>\n\t\n\t\t<\/div>\n\t\t\t\t\t<\/div>\n\n\t\n\n\t<div id=\"col-1014818939\" class=\"col medium-6 small-12 large-6\"  >\n\t\t\t\t<div class=\"col-inner\"  >\n\t\t\t\n\t\t\t\n\t<div id=\"text-2113468735\" class=\"text\">\n\t\t\n<h1 class=\"uppercase\"><strong>contact<\/strong><\/h1>\n<h3>Send a query<\/h3>\n<p>With the form below you can send as a query which will process as soon as possible.<br \/>\n\t\t\n<style>\n#text-2113468735 {\n  font-size: 1rem;\n}\n<\/style>\n\t<\/div>\n\t\n\n<div class=\"wpcf7 no-js\" id=\"wpcf7-f1380-o1\" lang=\"fi\" dir=\"ltr\" data-wpcf7-id=\"1380\">\n<div class=\"screen-reader-response\"><p role=\"status\" aria-live=\"polite\" aria-atomic=\"true\"><\/p> <ul><\/ul><\/div>\n<form action=\"\/en\/wp-json\/wp\/v2\/pages\/1370#wpcf7-f1380-o1\" method=\"post\" class=\"wpcf7-form init\" aria-label=\"Yhteydenottolomake\" novalidate=\"novalidate\" data-status=\"init\">\n<fieldset class=\"hidden-fields-container\"><input type=\"hidden\" name=\"_wpcf7\" value=\"1380\" \/><input type=\"hidden\" name=\"_wpcf7_version\" value=\"6.1.5\" \/><input type=\"hidden\" name=\"_wpcf7_locale\" value=\"fi\" \/><input type=\"hidden\" name=\"_wpcf7_unit_tag\" value=\"wpcf7-f1380-o1\" \/><input type=\"hidden\" name=\"_wpcf7_container_post\" value=\"0\" \/><input type=\"hidden\" name=\"_wpcf7_posted_data_hash\" value=\"\" \/>\n<\/fieldset>\n<p>Date\n<\/p>\n<p><span class=\"wpcf7-form-control-wrap\" data-name=\"Pivmr\"><input size=\"40\" maxlength=\"400\" class=\"wpcf7-form-control wpcf7-text\" aria-invalid=\"false\" value=\"\" type=\"text\" name=\"Pivmr\" \/><\/span>\n<\/p>\n<p>Time\n<\/p>\n<p><span class=\"wpcf7-form-control-wrap\" data-name=\"Kello\"><select class=\"wpcf7-form-control wpcf7-select\" aria-invalid=\"false\" name=\"Kello\"><option value=\"08:00\">08:00<\/option><option value=\"09:00\">09:00<\/option><option value=\"10:00\">10:00<\/option><option value=\"11:00\">11:00<\/option><option value=\"12:00\">12:00<\/option><option value=\"13:00\">13:00<\/option><option value=\"14:00\">14:00<\/option><option value=\"15:00\">15:00<\/option><option value=\"16:00\">16:00<\/option><option value=\"17:00\">17:00<\/option><option value=\"18:00\">18:00<\/option><option value=\"19:00\">19:00<\/option><option value=\"20:00\">20:00<\/option><option value=\"21:00\">21:00<\/option><option value=\"22:00\">22:00<\/option><\/select><\/span>\n<\/p>\n<p>Number of participants\n<\/p>\n<p><span class=\"wpcf7-form-control-wrap\" data-name=\"Osallistujamr\"><input class=\"wpcf7-form-control wpcf7-number wpcf7-validates-as-number\" min=\"1\" aria-invalid=\"false\" value=\"\" type=\"number\" name=\"Osallistujamr\" \/><\/span>\n<\/p>\n<p>Company\n<\/p>\n<p><span class=\"wpcf7-form-control-wrap\" data-name=\"Yritys\"><input size=\"40\" maxlength=\"400\" class=\"wpcf7-form-control wpcf7-text\" aria-invalid=\"false\" value=\"\" type=\"text\" name=\"Yritys\" \/><\/span>\n<\/p>\n<p>Commissioned by (required)\n<\/p>\n<p><span class=\"wpcf7-form-control-wrap\" data-name=\"your-name\"><input size=\"40\" maxlength=\"400\" class=\"wpcf7-form-control wpcf7-text wpcf7-validates-as-required\" aria-required=\"true\" aria-invalid=\"false\" value=\"\" type=\"text\" name=\"your-name\" \/><\/span>\n<\/p>\n<p>Phone number (required)\n<\/p>\n<p><span class=\"wpcf7-form-control-wrap\" data-name=\"Puhelinnumero\"><input size=\"40\" maxlength=\"400\" class=\"wpcf7-form-control wpcf7-text wpcf7-validates-as-required\" aria-required=\"true\" aria-invalid=\"false\" value=\"\" type=\"text\" name=\"Puhelinnumero\" \/><\/span>\n<\/p>\n<p>E-mail (required)\n<\/p>\n<p><span class=\"wpcf7-form-control-wrap\" data-name=\"your-email\"><input size=\"40\" maxlength=\"400\" class=\"wpcf7-form-control wpcf7-email wpcf7-validates-as-required wpcf7-text wpcf7-validates-as-email\" aria-required=\"true\" aria-invalid=\"false\" value=\"\" type=\"email\" name=\"your-email\" \/><\/span>\n<\/p>\n<p>Additional information \/ requests\n<\/p>\n<p><span class=\"wpcf7-form-control-wrap\" data-name=\"your-message\"><textarea cols=\"40\" rows=\"10\" maxlength=\"2000\" class=\"wpcf7-form-control wpcf7-textarea\" aria-invalid=\"false\" name=\"your-message\"><\/textarea><\/span>\n<\/p>\n<p>I want to receive email updates\n<\/p>\n<p><span class=\"wpcf7-form-control-wrap\" data-name=\"Haluan\"><select class=\"wpcf7-form-control wpcf7-select wpcf7-validates-as-required\" aria-required=\"true\" aria-invalid=\"false\" name=\"Haluan\"><option value=\"\">&#8212;Valitse vaihtoehto&#8212;<\/option><option value=\"Yes\">Yes<\/option><option value=\"No\">No<\/option><\/select><\/span>\n<\/p>\n<p><input class=\"wpcf7-form-control wpcf7-submit has-spinner\" type=\"submit\" value=\"Submit\" \/>\n<\/p><div class=\"wpcf7-response-output\" aria-hidden=\"true\"><\/div>\n<\/form>\n<\/div>\n\n\t\t<\/div>\n\t\t\t\t\n<style>\n#col-1014818939 > .col-inner {\n  padding: 23px 23px 23px 23px;\n}\n<\/style>\n\t<\/div>\n\n\t\n<\/div>\n<div class=\"row\"  id=\"row-396764797\">\n\n\t<div id=\"col-1811181507\" class=\"col medium-6 small-12 large-6\"  >\n\t\t\t\t<div class=\"col-inner\"  >\n\t\t\t\n\t\t\t\n<h3>Culinary Institute<\/h3>\n<p>Aleksanterinkatu 13, 6th floor, 00100 Helsinki<br \/>\ntel. +358 50 308 6555<br \/>\ninfo@kulinaarineninstituutti.fi<br \/>\n<a href=\"https:\/\/www.kulinaarineninstituutti.fi\/en\/\">www.kulinaarineninstituutti.fi<\/a><\/p>\n\n\t<script type=\"text\/javascript\">\n  jQuery( document ).ready(function() {\n    function initialize() {\n        var styles = {\n            'flatsome':  [{\n            \"featureType\": \"administrative\",\n            \"stylers\": [\n              { \"visibility\": \"on\" }\n            ]\n          },\n          {\n            \"featureType\": \"road\",\n            \"stylers\": [\n              { \"visibility\": \"on\" },\n              { \"hue\": \"\" }\n            ]\n          },\n          {\n            \"stylers\": [\n\t\t\t  { \"visibility\": \"on\" },\n\t\t\t  { \"hue\": \"\" },\n\t\t\t  { \"saturation\": -30 }\n            ]\n          }\n        ]};\n\n        var myLatlng = new google.maps.LatLng(60.16914, 24.94607);\n        var myOptions = {\n            zoom: 16,\n            center: myLatlng,\n            mapTypeId: google.maps.MapTypeId.ROADMAP,\n            disableDefaultUI: true,\n            mapTypeId: 'flatsome',\n            draggable: true,\n            zoomControl: false,\n            zoomControlOptions: {\n              position: google.maps.ControlPosition.TOP_LEFT\n            },\n      \t\t\tmapTypeControl: false,\n            mapTypeControlOptions: {\n              position: google.maps.ControlPosition.TOP_LEFT\n            },\n      \t\t\tstreetViewControl: false,\n            streetViewControlOptions: {\n              position: google.maps.ControlPosition.TOP_LEFT\n            },\n            scrollwheel: false,\n            disableDoubleClickZoom: true\n        }\n        var map = new google.maps.Map(document.getElementById(\"map-182598316-inner\"), myOptions);\n        var styledMapType = new google.maps.StyledMapType(styles['flatsome'], {name: 'flatsome'});\n        map.mapTypes.set('flatsome', styledMapType);\n\n        var marker = new google.maps.Marker({\n            position: myLatlng,\n            map: map,\n            title:\"\"\n        });\n    }\n\n    \/\/ Required to proceed\n    if (!(typeof google === 'object' && typeof google.maps === 'object')) {\n      return\n    }\n\n    initialize()\n    google.maps.event.addDomListener(window, 'resize', initialize);\n    });\n    <\/script>\n\n    <div class=\"google-map relative mb\" id=\"map-182598316\">\n        <div class=\"map-height\" id=\"map-182598316-inner\"><\/div>\n        <div id=\"map_overlay_top\"><\/div>\n        <div id=\"map_overlay_bottom\"><\/div>\n                  <div class=\"map_inner map-inner last-reset absolute x100 md-x95 lg-x95 y100 md-y95 lg-y95\">\n              \n         <\/div>\n       \n       \n<style>\n#map-182598316 .map-inner {\n  background-color: #fff;\n  max-width: 100%;\n}\n#map-182598316 .map-height {\n  height: 400px;\n}\n@media (min-width:550px) {\n  #map-182598316 .map-inner {\n    max-width: 40%;\n  }\n}\n@media (min-width:850px) {\n  #map-182598316 .map-inner {\n    max-width: 30%;\n  }\n}\n<\/style>\n    <\/div>\n\n\t\n\t\t<\/div>\n\t\t\t\t\t<\/div>\n\n\t\n\n\t<div id=\"col-1780344901\" class=\"col medium-6 small-12 large-6\"  >\n\t\t\t\t<div class=\"col-inner\"  >\n\t\t\t\n\t\t\t\n<h3>Restaurant Villa Hakkari<\/h3>\n<p>Kuokkalantie 5, 37550, LEMP\u00c4\u00c4L\u00c4<br \/>\ntel. +358 50 573 5833<br \/>\nravintola@villahakkari.fi<br \/>\n<a href=\"https:\/\/web.archive.org\/web\/20210303074707\/http:\/\/villahakkari.fi\/\" target=\"_blank\" rel=\"noopener\">www.villahakkari.fi<\/a><\/p>\n\n\t<script type=\"text\/javascript\">\n  jQuery( document ).ready(function() {\n    function initialize() {\n        var styles = {\n            'flatsome':  [{\n            \"featureType\": \"administrative\",\n            \"stylers\": [\n              { \"visibility\": \"on\" }\n            ]\n          },\n          {\n            \"featureType\": \"road\",\n            \"stylers\": [\n              { \"visibility\": \"on\" },\n              { \"hue\": \"\" }\n            ]\n          },\n          {\n            \"stylers\": [\n\t\t\t  { \"visibility\": \"on\" },\n\t\t\t  { \"hue\": \"\" },\n\t\t\t  { \"saturation\": -30 }\n            ]\n          }\n        ]};\n\n        var myLatlng = new google.maps.LatLng(61.330707709664, 23.747286179792);\n        var myOptions = {\n            zoom: 16,\n            center: myLatlng,\n            mapTypeId: google.maps.MapTypeId.ROADMAP,\n            disableDefaultUI: true,\n            mapTypeId: 'flatsome',\n            draggable: true,\n            zoomControl: false,\n            zoomControlOptions: {\n              position: google.maps.ControlPosition.TOP_LEFT\n            },\n      \t\t\tmapTypeControl: false,\n            mapTypeControlOptions: {\n              position: google.maps.ControlPosition.TOP_LEFT\n            },\n      \t\t\tstreetViewControl: false,\n            streetViewControlOptions: {\n              position: google.maps.ControlPosition.TOP_LEFT\n            },\n            scrollwheel: false,\n            disableDoubleClickZoom: true\n        }\n        var map = new google.maps.Map(document.getElementById(\"map-348533090-inner\"), myOptions);\n        var styledMapType = new google.maps.StyledMapType(styles['flatsome'], {name: 'flatsome'});\n        map.mapTypes.set('flatsome', styledMapType);\n\n        var marker = new google.maps.Marker({\n            position: myLatlng,\n            map: map,\n            title:\"\"\n        });\n    }\n\n    \/\/ Required to proceed\n    if (!(typeof google === 'object' && typeof google.maps === 'object')) {\n      return\n    }\n\n    initialize()\n    google.maps.event.addDomListener(window, 'resize', initialize);\n    });\n    <\/script>\n\n    <div class=\"google-map relative mb\" id=\"map-348533090\">\n        <div class=\"map-height\" id=\"map-348533090-inner\"><\/div>\n        <div id=\"map_overlay_top\"><\/div>\n        <div id=\"map_overlay_bottom\"><\/div>\n                  <div class=\"map_inner map-inner last-reset absolute x100 md-x95 lg-x95 y100 md-y95 lg-y95\">\n              \n         <\/div>\n       \n       \n<style>\n#map-348533090 .map-inner {\n  background-color: #fff;\n  max-width: 100%;\n}\n#map-348533090 .map-height {\n  height: 400px;\n}\n@media (min-width:550px) {\n  #map-348533090 .map-inner {\n    max-width: 40%;\n  }\n}\n@media (min-width:850px) {\n  #map-348533090 .map-inner {\n    max-width: 30%;\n  }\n}\n<\/style>\n    <\/div>\n\n\t\n\t\t<\/div>\n\t\t\t\t\t<\/div>\n\n\t\n<\/div>\n","protected":false},"excerpt":{"rendered":"","protected":false},"author":1,"featured_media":0,"parent":0,"menu_order":0,"comment_status":"closed","ping_status":"closed","template":"page-blank.php","meta":{"footnotes":""},"class_list":["post-1370","page","type-page","status-publish","hentry"],"yoast_head":"<!-- This site is optimized with the Yoast SEO plugin v27.5 - https:\/\/yoast.com\/product\/yoast-seo-wordpress\/ -->\n<title>Contact information - Helsingin Kulinaarinen Instituutti<\/title>\n<meta name=\"robots\" content=\"index, follow, max-snippet:-1, max-image-preview:large, max-video-preview:-1\" \/>\n<link rel=\"canonical\" href=\"https:\/\/www.kulinaarineninstituutti.fi\/en\/contact-information\/\" \/>\n<meta property=\"og:locale\" content=\"en_US\" \/>\n<meta property=\"og:type\" content=\"article\" \/>\n<meta property=\"og:title\" content=\"Contact information - Helsingin Kulinaarinen Instituutti\" \/>\n<meta property=\"og:url\" content=\"https:\/\/www.kulinaarineninstituutti.fi\/en\/contact-information\/\" \/>\n<meta property=\"og:site_name\" content=\"Helsingin Kulinaarinen Instituutti\" \/>\n<meta property=\"article:modified_time\" content=\"2025-04-25T12:56:35+00:00\" \/>\n<meta property=\"og:image\" content=\"https:\/\/www.kulinaarineninstituutti.fi\/wp-content\/uploads\/2014\/01\/pasta_slider.jpg\" \/>\n\t<meta property=\"og:image:width\" content=\"1920\" \/>\n\t<meta property=\"og:image:height\" content=\"742\" \/>\n\t<meta property=\"og:image:type\" content=\"image\/jpeg\" \/>\n<meta name=\"twitter:label1\" content=\"Est. reading time\" \/>\n\t<meta name=\"twitter:data1\" content=\"1 minute\" \/>\n<script type=\"application\/ld+json\" class=\"yoast-schema-graph\">{\"@context\":\"https:\\\/\\\/schema.org\",\"@graph\":[{\"@type\":\"WebPage\",\"@id\":\"https:\\\/\\\/www.kulinaarineninstituutti.fi\\\/en\\\/contact-information\\\/\",\"url\":\"https:\\\/\\\/www.kulinaarineninstituutti.fi\\\/en\\\/contact-information\\\/\",\"name\":\"Contact information - Helsingin Kulinaarinen Instituutti\",\"isPartOf\":{\"@id\":\"https:\\\/\\\/www.kulinaarineninstituutti.fi\\\/en\\\/#website\"},\"datePublished\":\"2017-03-07T13:51:41+00:00\",\"dateModified\":\"2025-04-25T12:56:35+00:00\",\"breadcrumb\":{\"@id\":\"https:\\\/\\\/www.kulinaarineninstituutti.fi\\\/en\\\/contact-information\\\/#breadcrumb\"},\"inLanguage\":\"en-US\",\"potentialAction\":[{\"@type\":\"ReadAction\",\"target\":[\"https:\\\/\\\/www.kulinaarineninstituutti.fi\\\/en\\\/contact-information\\\/\"]}]},{\"@type\":\"BreadcrumbList\",\"@id\":\"https:\\\/\\\/www.kulinaarineninstituutti.fi\\\/en\\\/contact-information\\\/#breadcrumb\",\"itemListElement\":[{\"@type\":\"ListItem\",\"position\":1,\"name\":\"Home\",\"item\":\"https:\\\/\\\/www.kulinaarineninstituutti.fi\\\/en\\\/\"},{\"@type\":\"ListItem\",\"position\":2,\"name\":\"Contact information\"}]},{\"@type\":\"WebSite\",\"@id\":\"https:\\\/\\\/www.kulinaarineninstituutti.fi\\\/en\\\/#website\",\"url\":\"https:\\\/\\\/www.kulinaarineninstituutti.fi\\\/en\\\/\",\"name\":\"Helsingin Kulinaarinen Instituutti\",\"description\":\"Meill\u00e4 tehd\u00e4\u00e4n mestarikokkeja!\",\"potentialAction\":[{\"@type\":\"SearchAction\",\"target\":{\"@type\":\"EntryPoint\",\"urlTemplate\":\"https:\\\/\\\/www.kulinaarineninstituutti.fi\\\/en\\\/?s={search_term_string}\"},\"query-input\":{\"@type\":\"PropertyValueSpecification\",\"valueRequired\":true,\"valueName\":\"search_term_string\"}}],\"inLanguage\":\"en-US\"}]}<\/script>\n<!-- \/ Yoast SEO plugin. -->","yoast_head_json":{"title":"Contact information - Helsingin Kulinaarinen Instituutti","robots":{"index":"index","follow":"follow","max-snippet":"max-snippet:-1","max-image-preview":"max-image-preview:large","max-video-preview":"max-video-preview:-1"},"canonical":"https:\/\/www.kulinaarineninstituutti.fi\/en\/contact-information\/","og_locale":"en_US","og_type":"article","og_title":"Contact information - Helsingin Kulinaarinen Instituutti","og_url":"https:\/\/www.kulinaarineninstituutti.fi\/en\/contact-information\/","og_site_name":"Helsingin Kulinaarinen Instituutti","article_modified_time":"2025-04-25T12:56:35+00:00","og_image":[{"width":1920,"height":742,"url":"https:\/\/www.kulinaarineninstituutti.fi\/wp-content\/uploads\/2014\/01\/pasta_slider.jpg","type":"image\/jpeg"}],"twitter_misc":{"Est. reading time":"1 minute"},"schema":{"@context":"https:\/\/schema.org","@graph":[{"@type":"WebPage","@id":"https:\/\/www.kulinaarineninstituutti.fi\/en\/contact-information\/","url":"https:\/\/www.kulinaarineninstituutti.fi\/en\/contact-information\/","name":"Contact information - Helsingin Kulinaarinen Instituutti","isPartOf":{"@id":"https:\/\/www.kulinaarineninstituutti.fi\/en\/#website"},"datePublished":"2017-03-07T13:51:41+00:00","dateModified":"2025-04-25T12:56:35+00:00","breadcrumb":{"@id":"https:\/\/www.kulinaarineninstituutti.fi\/en\/contact-information\/#breadcrumb"},"inLanguage":"en-US","potentialAction":[{"@type":"ReadAction","target":["https:\/\/www.kulinaarineninstituutti.fi\/en\/contact-information\/"]}]},{"@type":"BreadcrumbList","@id":"https:\/\/www.kulinaarineninstituutti.fi\/en\/contact-information\/#breadcrumb","itemListElement":[{"@type":"ListItem","position":1,"name":"Home","item":"https:\/\/www.kulinaarineninstituutti.fi\/en\/"},{"@type":"ListItem","position":2,"name":"Contact information"}]},{"@type":"WebSite","@id":"https:\/\/www.kulinaarineninstituutti.fi\/en\/#website","url":"https:\/\/www.kulinaarineninstituutti.fi\/en\/","name":"Helsingin Kulinaarinen Instituutti","description":"Meill\u00e4 tehd\u00e4\u00e4n mestarikokkeja!","potentialAction":[{"@type":"SearchAction","target":{"@type":"EntryPoint","urlTemplate":"https:\/\/www.kulinaarineninstituutti.fi\/en\/?s={search_term_string}"},"query-input":{"@type":"PropertyValueSpecification","valueRequired":true,"valueName":"search_term_string"}}],"inLanguage":"en-US"}]}},"_links":{"self":[{"href":"https:\/\/www.kulinaarineninstituutti.fi\/en\/wp-json\/wp\/v2\/pages\/1370","targetHints":{"allow":["GET"]}}],"collection":[{"href":"https:\/\/www.kulinaarineninstituutti.fi\/en\/wp-json\/wp\/v2\/pages"}],"about":[{"href":"https:\/\/www.kulinaarineninstituutti.fi\/en\/wp-json\/wp\/v2\/types\/page"}],"author":[{"embeddable":true,"href":"https:\/\/www.kulinaarineninstituutti.fi\/en\/wp-json\/wp\/v2\/users\/1"}],"replies":[{"embeddable":true,"href":"https:\/\/www.kulinaarineninstituutti.fi\/en\/wp-json\/wp\/v2\/comments?post=1370"}],"version-history":[{"count":10,"href":"https:\/\/www.kulinaarineninstituutti.fi\/en\/wp-json\/wp\/v2\/pages\/1370\/revisions"}],"predecessor-version":[{"id":2563,"href":"https:\/\/www.kulinaarineninstituutti.fi\/en\/wp-json\/wp\/v2\/pages\/1370\/revisions\/2563"}],"wp:attachment":[{"href":"https:\/\/www.kulinaarineninstituutti.fi\/en\/wp-json\/wp\/v2\/media?parent=1370"}],"curies":[{"name":"wp","href":"https:\/\/api.w.org\/{rel}","templated":true}]}}