{"id":1283,"date":"2017-03-07T14:49:08","date_gmt":"2017-03-07T12:49:08","guid":{"rendered":"http:\/\/www.kulinaarineninstituutti.fi\/cooking-classes\/gift-cards\/"},"modified":"2025-12-31T16:42:59","modified_gmt":"2025-12-31T14:42:59","slug":"gift-cards","status":"publish","type":"page","link":"https:\/\/www.kulinaarineninstituutti.fi\/en\/cooking-classes\/gift-cards\/","title":{"rendered":"Gift cards"},"content":{"rendered":"\n  <div class=\"banner has-hover\" id=\"banner-2073131071\">\n          <div class=\"banner-inner fill\">\n        <div class=\"banner-bg fill\" >\n            <img loading=\"lazy\" decoding=\"async\" width=\"1920\" height=\"598\" src=\"https:\/\/www.kulinaarineninstituutti.fi\/wp-content\/uploads\/2015\/04\/english_slider.jpg\" class=\"bg attachment-original size-original\" alt=\"\" \/>                        <div class=\"overlay\"><\/div>            \n                    <\/div>\n\t\t\n        <div class=\"banner-layers container\">\n            <div class=\"fill banner-link\"><\/div>            \n   <div id=\"text-box-582665774\" class=\"text-box banner-layer x50 md-x50 lg-x50 y50 md-y50 lg-y50 res-text\">\n                                <div class=\"text-box-content text dark\">\n              \n              <div class=\"text-inner text-center\">\n                  \n\t<div id=\"text-3445495774\" class=\"text\">\n\t\t\n<h3 class=\"uppercase\">Give the gift of an unforgettable experience!<\/h3>\n<p>Give an unforgettable gift to your friends! A Gift card to the cooking classes.<br \/>\n\t\t\n<style>\n#text-3445495774 {\n  font-size: 0.9rem;\n}\n<\/style>\n\t<\/div>\n\t\n              <\/div>\n           <\/div>\n                            \n<style>\n#text-box-582665774 {\n  width: 91%;\n}\n#text-box-582665774 .text-box-content {\n  font-size: 100%;\n}\n@media (min-width:550px) {\n  #text-box-582665774 {\n    width: 76%;\n  }\n}\n<\/style>\n    <\/div>\n \n        <\/div>\n      <\/div>\n\n            \n<style>\n#banner-2073131071 {\n  padding-top: 500px;\n}\n#banner-2073131071 .overlay {\n  background-color: rgba(0, 0, 0, 0.17);\n}\n<\/style>\n  <\/div>\n\n\n<div class=\"row\"  id=\"row-2036319698\">\n\n\t<div id=\"col-1280218294\" class=\"col medium-6 small-12 large-6\"  >\n\t\t\t\t<div class=\"col-inner\"  >\n\t\t\t\n\t\t\t\n\t<div class=\"img has-hover x md-x lg-x y md-y lg-y\" id=\"image_695681349\">\n\t\t\t\t\t\t\t\t<div class=\"img-inner dark\" >\n\t\t\t<img loading=\"lazy\" decoding=\"async\" width=\"1020\" height=\"680\" src=\"https:\/\/www.kulinaarineninstituutti.fi\/wp-content\/uploads\/2025\/12\/DSC01558-Medium-1024x683.jpg\" class=\"attachment-large size-large\" alt=\"\" srcset=\"https:\/\/www.kulinaarineninstituutti.fi\/wp-content\/uploads\/2025\/12\/DSC01558-Medium-1024x683.jpg 1024w, https:\/\/www.kulinaarineninstituutti.fi\/wp-content\/uploads\/2025\/12\/DSC01558-Medium-300x200.jpg 300w, https:\/\/www.kulinaarineninstituutti.fi\/wp-content\/uploads\/2025\/12\/DSC01558-Medium-768x512.jpg 768w, https:\/\/www.kulinaarineninstituutti.fi\/wp-content\/uploads\/2025\/12\/DSC01558-Medium.jpg 1152w\" sizes=\"auto, (max-width: 1020px) 100vw, 1020px\" \/>\t\t\t\t\t\t\n\t\t\t\t\t<\/div>\n\t\t\t\t\t\t\t\t\n<style>\n#image_695681349 {\n  width: 100%;\n}\n<\/style>\n\t<\/div>\n\t\n\t\t<\/div>\n\t\t\t\t\t<\/div>\n\n\t\n\n\t<div id=\"col-477372657\" class=\"col medium-6 small-12 large-6\"  >\n\t\t\t\t<div class=\"col-inner\"  >\n\t\t\t\n\t\t\t\n\t<div id=\"text-665724379\" class=\"text\">\n\t\t\n<h1 class=\"uppercase\"><strong>GIFT CARDS<\/strong><\/h1>\n<p>A gift card for the cooking classes, themed courses or cooking workshops. For a wedding gift, anniversary gift, corporate farewell gift, Christmas gift.<\/p>\n<p>The gift card is open, so it can be used by anyone for any cooking class (themed course or cooking workshop).<\/p>\n<p>For example, you can buy gift cards for your company, and give them away as necessary!<br \/>\n\t\t\n<style>\n#text-665724379 {\n  font-size: 1rem;\n}\n<\/style>\n\t<\/div>\n\t\n\t\t<\/div>\n\t\t\t\t\n<style>\n#col-477372657 > .col-inner {\n  padding: 23px 23px 23px 23px;\n}\n<\/style>\n\t<\/div>\n\n\t\n<\/div>\n<div class=\"row\"  id=\"row-15089636\">\n\n\t<div id=\"col-1212368951\" class=\"col medium-6 small-12 large-6\"  >\n\t\t\t\t<div class=\"col-inner\"  >\n\t\t\t\n\t\t\t\n\t<div id=\"text-686866359\" class=\"text\">\n\t\t\n<p><strong>Themed course<\/strong><\/p>\n<p>Price: 225.00 \u20ac \/ pp, unless otherwise specified<\/p>\n<p>Price incl.: morning coffee, instruction, recipe booklet, welcome drink,<\/p>\n<p>6-course meal with wines (unless otherwise specified) and Culinary Institute apron.<br \/>\n\t\t\n<style>\n#text-686866359 {\n  font-size: 1rem;\n}\n<\/style>\n\t<\/div>\n\t\n\t\t<\/div>\n\t\t\t\t\t<\/div>\n\n\t\n\n\t<div id=\"col-1255691477\" class=\"col medium-6 small-12 large-6\"  >\n\t\t\t\t<div class=\"col-inner\"  >\n\t\t\t\n\t\t\t\n\t<div id=\"text-207282830\" class=\"text\">\n\t\t\n<p><strong>Cooking class<\/strong><\/p>\n<p>Price: 130 \u20ac \/pp<\/p>\n<p>Price incl.: instruction, recipes, tasting, and a glass of wine<\/p>\n<p>Start: at 18:00<\/p>\n<p>Duration: approx. 3 hours<br \/>\n\t\t\n<style>\n#text-207282830 {\n  font-size: 1rem;\n}\n<\/style>\n\t<\/div>\n\t\n\t\t<\/div>\n\t\t\t\t\t<\/div>\n\n\t\n<\/div>\n<div class=\"row\"  id=\"row-367987357\">\n\n\t<div id=\"col-662193683\" class=\"col small-6 large-12\"  >\n\t\t\t\t<div class=\"col-inner\"  >\n\t\t\t\n\t\t\t\n\n  <div class=\"banner has-hover\" id=\"banner-1095964687\">\n          <div class=\"banner-inner fill\">\n        <div class=\"banner-bg fill\" >\n                                                \n                    <\/div>\n\t\t\n        <div class=\"banner-layers container\">\n            <div class=\"fill banner-link\"><\/div>            \n   <div id=\"text-box-1772865021\" class=\"text-box banner-layer x50 md-x50 lg-x50 y50 md-y50 lg-y50 res-text\">\n                                <div class=\"text-box-content text dark\">\n              \n              <div class=\"text-inner text-center\">\n                  \n\t<div id=\"text-568159158\" class=\"text\">\n\t\t\n<h3 class=\"uppercase\"><strong>ORDER THE GIFT CARDS<\/strong><\/h3>\n<p>Order the gift cards via email from:<\/p>\n<p><a href=\"mailto:info@kulinaarineninstituutti.fi\">info@kulinaarineninstituutti.fi<\/a><br \/>\n\t\t\n<style>\n#text-568159158 {\n  font-size: 1rem;\n}\n<\/style>\n\t<\/div>\n\t\n              <\/div>\n           <\/div>\n                            \n<style>\n#text-box-1772865021 {\n  width: 60%;\n}\n#text-box-1772865021 .text-box-content {\n  font-size: 100%;\n}\n<\/style>\n    <\/div>\n \n        <\/div>\n      <\/div>\n\n            \n<style>\n#banner-1095964687 {\n  padding-top: 500px;\n}\n<\/style>\n  <\/div>\n\n\n\t\t<\/div>\n\t\t\t\t\t<\/div>\n\n\t\n<\/div>\n","protected":false},"excerpt":{"rendered":"","protected":false},"author":1,"featured_media":0,"parent":1253,"menu_order":0,"comment_status":"closed","ping_status":"closed","template":"page-blank.php","meta":{"footnotes":""},"class_list":["post-1283","page","type-page","status-publish","hentry"],"yoast_head":"<!-- This site is optimized with the Yoast SEO plugin v27.5 - https:\/\/yoast.com\/product\/yoast-seo-wordpress\/ -->\n<title>Gift cards - Helsingin Kulinaarinen Instituutti<\/title>\n<meta name=\"description\" content=\"Surprise your friend with a gift card for a culinary adventure\" \/>\n<meta name=\"robots\" content=\"index, follow, max-snippet:-1, max-image-preview:large, max-video-preview:-1\" \/>\n<link rel=\"canonical\" href=\"https:\/\/www.kulinaarineninstituutti.fi\/en\/cooking-classes\/gift-cards\/\" \/>\n<meta property=\"og:locale\" content=\"en_US\" \/>\n<meta property=\"og:type\" content=\"article\" \/>\n<meta property=\"og:title\" content=\"Gift cards - Helsingin Kulinaarinen Instituutti\" \/>\n<meta property=\"og:description\" content=\"Surprise your friend with a gift card for a culinary adventure\" \/>\n<meta property=\"og:url\" content=\"https:\/\/www.kulinaarineninstituutti.fi\/en\/cooking-classes\/gift-cards\/\" \/>\n<meta property=\"og:site_name\" content=\"Helsingin Kulinaarinen Instituutti\" \/>\n<meta property=\"article:modified_time\" content=\"2025-12-31T14:42:59+00:00\" \/>\n<meta property=\"og:image\" content=\"https:\/\/www.kulinaarineninstituutti.fi\/wp-content\/uploads\/2014\/01\/pasta_slider.jpg\" \/>\n\t<meta property=\"og:image:width\" content=\"1920\" \/>\n\t<meta property=\"og:image:height\" content=\"742\" \/>\n\t<meta property=\"og:image:type\" content=\"image\/jpeg\" \/>\n<meta name=\"twitter:label1\" content=\"Est. reading time\" \/>\n\t<meta name=\"twitter:data1\" content=\"2 minutes\" \/>\n<script type=\"application\/ld+json\" class=\"yoast-schema-graph\">{\"@context\":\"https:\\\/\\\/schema.org\",\"@graph\":[{\"@type\":\"WebPage\",\"@id\":\"https:\\\/\\\/www.kulinaarineninstituutti.fi\\\/en\\\/cooking-classes\\\/gift-cards\\\/\",\"url\":\"https:\\\/\\\/www.kulinaarineninstituutti.fi\\\/en\\\/cooking-classes\\\/gift-cards\\\/\",\"name\":\"Gift cards - Helsingin Kulinaarinen Instituutti\",\"isPartOf\":{\"@id\":\"https:\\\/\\\/www.kulinaarineninstituutti.fi\\\/en\\\/#website\"},\"datePublished\":\"2017-03-07T12:49:08+00:00\",\"dateModified\":\"2025-12-31T14:42:59+00:00\",\"description\":\"Surprise your friend with a gift card for a culinary adventure\",\"breadcrumb\":{\"@id\":\"https:\\\/\\\/www.kulinaarineninstituutti.fi\\\/en\\\/cooking-classes\\\/gift-cards\\\/#breadcrumb\"},\"inLanguage\":\"en-US\",\"potentialAction\":[{\"@type\":\"ReadAction\",\"target\":[\"https:\\\/\\\/www.kulinaarineninstituutti.fi\\\/en\\\/cooking-classes\\\/gift-cards\\\/\"]}]},{\"@type\":\"BreadcrumbList\",\"@id\":\"https:\\\/\\\/www.kulinaarineninstituutti.fi\\\/en\\\/cooking-classes\\\/gift-cards\\\/#breadcrumb\",\"itemListElement\":[{\"@type\":\"ListItem\",\"position\":1,\"name\":\"Home\",\"item\":\"https:\\\/\\\/www.kulinaarineninstituutti.fi\\\/en\\\/\"},{\"@type\":\"ListItem\",\"position\":2,\"name\":\"Cooking classes\",\"item\":\"https:\\\/\\\/www.kulinaarineninstituutti.fi\\\/en\\\/cooking-classes\\\/\"},{\"@type\":\"ListItem\",\"position\":3,\"name\":\"Gift cards\"}]},{\"@type\":\"WebSite\",\"@id\":\"https:\\\/\\\/www.kulinaarineninstituutti.fi\\\/en\\\/#website\",\"url\":\"https:\\\/\\\/www.kulinaarineninstituutti.fi\\\/en\\\/\",\"name\":\"Helsingin Kulinaarinen Instituutti\",\"description\":\"Meill\u00e4 tehd\u00e4\u00e4n mestarikokkeja!\",\"potentialAction\":[{\"@type\":\"SearchAction\",\"target\":{\"@type\":\"EntryPoint\",\"urlTemplate\":\"https:\\\/\\\/www.kulinaarineninstituutti.fi\\\/en\\\/?s={search_term_string}\"},\"query-input\":{\"@type\":\"PropertyValueSpecification\",\"valueRequired\":true,\"valueName\":\"search_term_string\"}}],\"inLanguage\":\"en-US\"}]}<\/script>\n<!-- \/ Yoast SEO plugin. -->","yoast_head_json":{"title":"Gift cards - Helsingin Kulinaarinen Instituutti","description":"Surprise your friend with a gift card for a culinary adventure","robots":{"index":"index","follow":"follow","max-snippet":"max-snippet:-1","max-image-preview":"max-image-preview:large","max-video-preview":"max-video-preview:-1"},"canonical":"https:\/\/www.kulinaarineninstituutti.fi\/en\/cooking-classes\/gift-cards\/","og_locale":"en_US","og_type":"article","og_title":"Gift cards - Helsingin Kulinaarinen Instituutti","og_description":"Surprise your friend with a gift card for a culinary adventure","og_url":"https:\/\/www.kulinaarineninstituutti.fi\/en\/cooking-classes\/gift-cards\/","og_site_name":"Helsingin Kulinaarinen Instituutti","article_modified_time":"2025-12-31T14:42:59+00:00","og_image":[{"width":1920,"height":742,"url":"https:\/\/www.kulinaarineninstituutti.fi\/wp-content\/uploads\/2014\/01\/pasta_slider.jpg","type":"image\/jpeg"}],"twitter_misc":{"Est. reading time":"2 minutes"},"schema":{"@context":"https:\/\/schema.org","@graph":[{"@type":"WebPage","@id":"https:\/\/www.kulinaarineninstituutti.fi\/en\/cooking-classes\/gift-cards\/","url":"https:\/\/www.kulinaarineninstituutti.fi\/en\/cooking-classes\/gift-cards\/","name":"Gift cards - Helsingin Kulinaarinen Instituutti","isPartOf":{"@id":"https:\/\/www.kulinaarineninstituutti.fi\/en\/#website"},"datePublished":"2017-03-07T12:49:08+00:00","dateModified":"2025-12-31T14:42:59+00:00","description":"Surprise your friend with a gift card for a culinary adventure","breadcrumb":{"@id":"https:\/\/www.kulinaarineninstituutti.fi\/en\/cooking-classes\/gift-cards\/#breadcrumb"},"inLanguage":"en-US","potentialAction":[{"@type":"ReadAction","target":["https:\/\/www.kulinaarineninstituutti.fi\/en\/cooking-classes\/gift-cards\/"]}]},{"@type":"BreadcrumbList","@id":"https:\/\/www.kulinaarineninstituutti.fi\/en\/cooking-classes\/gift-cards\/#breadcrumb","itemListElement":[{"@type":"ListItem","position":1,"name":"Home","item":"https:\/\/www.kulinaarineninstituutti.fi\/en\/"},{"@type":"ListItem","position":2,"name":"Cooking classes","item":"https:\/\/www.kulinaarineninstituutti.fi\/en\/cooking-classes\/"},{"@type":"ListItem","position":3,"name":"Gift cards"}]},{"@type":"WebSite","@id":"https:\/\/www.kulinaarineninstituutti.fi\/en\/#website","url":"https:\/\/www.kulinaarineninstituutti.fi\/en\/","name":"Helsingin Kulinaarinen Instituutti","description":"Meill\u00e4 tehd\u00e4\u00e4n mestarikokkeja!","potentialAction":[{"@type":"SearchAction","target":{"@type":"EntryPoint","urlTemplate":"https:\/\/www.kulinaarineninstituutti.fi\/en\/?s={search_term_string}"},"query-input":{"@type":"PropertyValueSpecification","valueRequired":true,"valueName":"search_term_string"}}],"inLanguage":"en-US"}]}},"_links":{"self":[{"href":"https:\/\/www.kulinaarineninstituutti.fi\/en\/wp-json\/wp\/v2\/pages\/1283","targetHints":{"allow":["GET"]}}],"collection":[{"href":"https:\/\/www.kulinaarineninstituutti.fi\/en\/wp-json\/wp\/v2\/pages"}],"about":[{"href":"https:\/\/www.kulinaarineninstituutti.fi\/en\/wp-json\/wp\/v2\/types\/page"}],"author":[{"embeddable":true,"href":"https:\/\/www.kulinaarineninstituutti.fi\/en\/wp-json\/wp\/v2\/users\/1"}],"replies":[{"embeddable":true,"href":"https:\/\/www.kulinaarineninstituutti.fi\/en\/wp-json\/wp\/v2\/comments?post=1283"}],"version-history":[{"count":9,"href":"https:\/\/www.kulinaarineninstituutti.fi\/en\/wp-json\/wp\/v2\/pages\/1283\/revisions"}],"predecessor-version":[{"id":2640,"href":"https:\/\/www.kulinaarineninstituutti.fi\/en\/wp-json\/wp\/v2\/pages\/1283\/revisions\/2640"}],"up":[{"embeddable":true,"href":"https:\/\/www.kulinaarineninstituutti.fi\/en\/wp-json\/wp\/v2\/pages\/1253"}],"wp:attachment":[{"href":"https:\/\/www.kulinaarineninstituutti.fi\/en\/wp-json\/wp\/v2\/media?parent=1283"}],"curies":[{"name":"wp","href":"https:\/\/api.w.org\/{rel}","templated":true}]}}