{"id":1275,"date":"2017-03-07T13:20:52","date_gmt":"2017-03-07T11:20:52","guid":{"rendered":"http:\/\/www.kulinaarineninstituutti.fi\/cooking-classes\/open-cooking-classes\/"},"modified":"2026-01-05T15:52:19","modified_gmt":"2026-01-05T13:52:19","slug":"open-cooking-classes","status":"publish","type":"page","link":"https:\/\/www.kulinaarineninstituutti.fi\/en\/cooking-classes\/open-cooking-classes\/","title":{"rendered":"Open cooking classes"},"content":{"rendered":"\n  <div class=\"banner has-hover\" id=\"banner-1800494095\">\n          <div class=\"banner-inner fill\">\n        <div class=\"banner-bg fill\" >\n            <img loading=\"lazy\" decoding=\"async\" width=\"1620\" height=\"1080\" src=\"https:\/\/www.kulinaarineninstituutti.fi\/wp-content\/uploads\/2025\/08\/DSC06860-Large.jpg\" class=\"bg attachment-original size-original\" alt=\"\" \/>                        <div class=\"overlay\"><\/div>            \n                    <\/div>\n\t\t\n        <div class=\"banner-layers container\">\n            <div class=\"fill banner-link\"><\/div>            \n   <div id=\"text-box-1369540911\" class=\"text-box banner-layer x50 md-x50 lg-x50 y50 md-y50 lg-y50 res-text\">\n                                <div class=\"text-box-content text dark\">\n              \n              <div class=\"text-inner text-center\">\n                  \n\t<div id=\"text-173209570\" class=\"text\">\n\t\t\n<h3 class=\"uppercase\">OPEN CLASSES!<\/h3>\n\t\t\n<style>\n#text-173209570 {\n  font-size: 0.9rem;\n}\n<\/style>\n\t<\/div>\n\t\n              <\/div>\n           <\/div>\n                            \n<style>\n#text-box-1369540911 {\n  width: 90%;\n}\n#text-box-1369540911 .text-box-content {\n  font-size: 100%;\n}\n@media (min-width:550px) {\n  #text-box-1369540911 {\n    width: 60%;\n  }\n}\n<\/style>\n    <\/div>\n \n        <\/div>\n      <\/div>\n\n            \n<style>\n#banner-1800494095 {\n  padding-top: 500px;\n}\n#banner-1800494095 .overlay {\n  background-color: rgba(0, 0, 0, 0.17);\n}\n#banner-1800494095 .banner-bg img {\n  object-position: 0 15%;\n}\n<\/style>\n  <\/div>\n\n\n<div class=\"row\"  id=\"row-1816456891\">\n\n\t<div id=\"col-70062963\" class=\"col small-12 large-12\"  >\n\t\t\t\t<div class=\"col-inner\"  >\n\t\t\t\n\t\t\t\n<p>Our open courses invite you to cook, learn, and enjoy.<\/p>\n<p>The courses are open to everyone \u2014 no prior experience is required, just curiosity and a passion for food.<\/p>\n<p>Monday evening cooking workshops offer the perfect escape from everyday life. During the evening, you\u2019ll cook together under the guidance of professionals, learn new techniques, and finally enjoy the meal you\u2019ve prepared. An easy way to make Monday the best night of the week.<\/p>\n<p>Saturday themed courses dive deeper into a chosen topic. Throughout the day, you\u2019ll have time to focus, experiment, and learn at a relaxed pace \u2014 and head home full of new ideas.<\/p>\n<p>Open courses are a perfect experience for yourself, to share with others, or to give as a gift.<\/p>\n<p>Places are limited and must be booked in advance.<\/p>\n<p>Join us and discover how great food is made!<\/p>\n\t\t<\/div>\n\t\t\t\t\n<style>\n#col-70062963 > .col-inner {\n  padding: 23px 23px 23px 23px;\n}\n<\/style>\n\t<\/div>\n\n\t\n\n\t<div id=\"col-813487723\" class=\"col medium-6 small-12 large-6\"  >\n\t\t\t\t<div class=\"col-inner\"  >\n\t\t\t\n\t\t\t\n\t<div class=\"img has-hover x md-x lg-x y md-y lg-y\" id=\"image_77014362\">\n\t\t\t\t\t\t\t\t<div class=\"img-inner dark\" >\n\t\t\t<img loading=\"lazy\" decoding=\"async\" width=\"576\" height=\"768\" src=\"https:\/\/www.kulinaarineninstituutti.fi\/wp-content\/uploads\/2025\/12\/Nayttokuva-2025-10-27-kello-15.10.03-Medium.png\" class=\"attachment-large size-large\" alt=\"\" srcset=\"https:\/\/www.kulinaarineninstituutti.fi\/wp-content\/uploads\/2025\/12\/Nayttokuva-2025-10-27-kello-15.10.03-Medium.png 576w, https:\/\/www.kulinaarineninstituutti.fi\/wp-content\/uploads\/2025\/12\/Nayttokuva-2025-10-27-kello-15.10.03-Medium-225x300.png 225w\" sizes=\"auto, (max-width: 576px) 100vw, 576px\" \/>\t\t\t\t\t\t\n\t\t\t\t\t<\/div>\n\t\t\t\t\t\t\t\t\n<style>\n#image_77014362 {\n  width: 100%;\n}\n<\/style>\n\t<\/div>\n\t\n\t\t<\/div>\n\t\t\t\t\t<\/div>\n\n\t\n\n\t<div id=\"col-2043328058\" class=\"col medium-6 small-12 large-6\"  >\n\t\t\t\t<div class=\"col-inner\"  >\n\t\t\t\n\t\t\t\n\t<div id=\"text-3564663703\" class=\"text\">\n\t\t\n<h1 class=\"uppercase\"><strong>OPEN CLASSES<\/strong><\/h1>\n<h3 id=\"otsikko\">COOKING WORKSHOPS<\/h3>\n<p>In cooking workshops we go through the recipies quickly before the cooking. Price: 130 \u20ac \/ person Price inc.: Teaching, recipies, tastings and glass of wine. Start: 18.00 Duration: approx. 3 hours Location: Aleksanterinkatu 13, 6th floor, 00100 Helsinki.<\/p>\n\t\t\n<style>\n#text-3564663703 {\n  font-size: 1rem;\n}\n<\/style>\n\t<\/div>\n\t\n<a href=\"https:\/\/kulinaarineninstituutti.eventiolive.fi\/kokkauspajat\" target=\"_blank\" class=\"button primary\" rel=\"noopener\" >\n\t\t<span>Enroll to courses here (in Finnish)<\/span>\n\t<\/a>\n\n\t<div id=\"text-4221148453\" class=\"text\">\n\t\t\n<h3>\u00a0<\/h3>\n<h3 id=\"otsikko\">THEME WORKSHOPS<\/h3>\n<p>Our day long theme workshops have deeper theory part before the cooking. With the receptics the head chef will tell you more about the topic at hand. Price: 225,00 \u20ac \/ person, if not stated otherwise Price inc.: Morning coffee, teaching, receptics book, cocktail, six course dinner with wines (if not stated otherwise) and Culinary Institute apron. Start: 10.00, if not stated otherwise Duration: approx. 6 hours Location: Aleksanterinkatu 13, 6th floor, 00100 Helsinki<\/p>\n\t\t\n<style>\n#text-4221148453 {\n  font-size: 1rem;\n}\n<\/style>\n\t<\/div>\n\t\n<a href=\"https:\/\/kulinaarineninstituutti.eventiolive.fi\/teemakurssit\" target=\"_blank\" class=\"button primary\" rel=\"noopener\" >\n\t\t<span>ENROLL TO COURSES HERE (in finnish)<\/span>\n\t<\/a>\n\n\t\t<\/div>\n\t\t\t\t\n<style>\n#col-2043328058 > .col-inner {\n  padding: 23px 23px 23px 23px;\n}\n<\/style>\n\t<\/div>\n\n\t\n<\/div>\n","protected":false},"excerpt":{"rendered":"","protected":false},"author":1,"featured_media":0,"parent":1253,"menu_order":0,"comment_status":"closed","ping_status":"closed","template":"page-blank.php","meta":{"footnotes":""},"class_list":["post-1275","page","type-page","status-publish","hentry"],"yoast_head":"<!-- This site is optimized with the Yoast SEO plugin v27.4 - https:\/\/yoast.com\/product\/yoast-seo-wordpress\/ -->\n<title>Open cooking classes - Helsingin Kulinaarinen Instituutti<\/title>\n<meta name=\"description\" content=\"Cooking classes open for everyone. Read more!\" \/>\n<meta name=\"robots\" content=\"index, follow, max-snippet:-1, max-image-preview:large, max-video-preview:-1\" \/>\n<link rel=\"canonical\" href=\"https:\/\/www.kulinaarineninstituutti.fi\/en\/cooking-classes\/open-cooking-classes\/\" \/>\n<meta property=\"og:locale\" content=\"en_US\" \/>\n<meta property=\"og:type\" content=\"article\" \/>\n<meta property=\"og:title\" content=\"Open cooking classes - Helsingin Kulinaarinen Instituutti\" \/>\n<meta property=\"og:description\" content=\"Cooking classes open for everyone. Read more!\" \/>\n<meta property=\"og:url\" content=\"https:\/\/www.kulinaarineninstituutti.fi\/en\/cooking-classes\/open-cooking-classes\/\" \/>\n<meta property=\"og:site_name\" content=\"Helsingin Kulinaarinen Instituutti\" \/>\n<meta property=\"article:modified_time\" content=\"2026-01-05T13:52:19+00:00\" \/>\n<meta property=\"og:image\" content=\"https:\/\/www.kulinaarineninstituutti.fi\/wp-content\/uploads\/2014\/01\/pasta_slider.jpg\" \/>\n\t<meta property=\"og:image:width\" content=\"1920\" \/>\n\t<meta property=\"og:image:height\" content=\"742\" \/>\n\t<meta property=\"og:image:type\" content=\"image\/jpeg\" \/>\n<meta name=\"twitter:label1\" content=\"Est. reading time\" \/>\n\t<meta name=\"twitter:data1\" content=\"2 minutes\" \/>\n<script type=\"application\/ld+json\" class=\"yoast-schema-graph\">{\"@context\":\"https:\\\/\\\/schema.org\",\"@graph\":[{\"@type\":\"WebPage\",\"@id\":\"https:\\\/\\\/www.kulinaarineninstituutti.fi\\\/en\\\/cooking-classes\\\/open-cooking-classes\\\/\",\"url\":\"https:\\\/\\\/www.kulinaarineninstituutti.fi\\\/en\\\/cooking-classes\\\/open-cooking-classes\\\/\",\"name\":\"Open cooking classes - Helsingin Kulinaarinen Instituutti\",\"isPartOf\":{\"@id\":\"https:\\\/\\\/www.kulinaarineninstituutti.fi\\\/en\\\/#website\"},\"datePublished\":\"2017-03-07T11:20:52+00:00\",\"dateModified\":\"2026-01-05T13:52:19+00:00\",\"description\":\"Cooking classes open for everyone. Read more!\",\"breadcrumb\":{\"@id\":\"https:\\\/\\\/www.kulinaarineninstituutti.fi\\\/en\\\/cooking-classes\\\/open-cooking-classes\\\/#breadcrumb\"},\"inLanguage\":\"en-US\",\"potentialAction\":[{\"@type\":\"ReadAction\",\"target\":[\"https:\\\/\\\/www.kulinaarineninstituutti.fi\\\/en\\\/cooking-classes\\\/open-cooking-classes\\\/\"]}]},{\"@type\":\"BreadcrumbList\",\"@id\":\"https:\\\/\\\/www.kulinaarineninstituutti.fi\\\/en\\\/cooking-classes\\\/open-cooking-classes\\\/#breadcrumb\",\"itemListElement\":[{\"@type\":\"ListItem\",\"position\":1,\"name\":\"Home\",\"item\":\"https:\\\/\\\/www.kulinaarineninstituutti.fi\\\/en\\\/\"},{\"@type\":\"ListItem\",\"position\":2,\"name\":\"Cooking classes\",\"item\":\"https:\\\/\\\/www.kulinaarineninstituutti.fi\\\/en\\\/cooking-classes\\\/\"},{\"@type\":\"ListItem\",\"position\":3,\"name\":\"Open cooking classes\"}]},{\"@type\":\"WebSite\",\"@id\":\"https:\\\/\\\/www.kulinaarineninstituutti.fi\\\/en\\\/#website\",\"url\":\"https:\\\/\\\/www.kulinaarineninstituutti.fi\\\/en\\\/\",\"name\":\"Helsingin Kulinaarinen Instituutti\",\"description\":\"Meill\u00e4 tehd\u00e4\u00e4n mestarikokkeja!\",\"potentialAction\":[{\"@type\":\"SearchAction\",\"target\":{\"@type\":\"EntryPoint\",\"urlTemplate\":\"https:\\\/\\\/www.kulinaarineninstituutti.fi\\\/en\\\/?s={search_term_string}\"},\"query-input\":{\"@type\":\"PropertyValueSpecification\",\"valueRequired\":true,\"valueName\":\"search_term_string\"}}],\"inLanguage\":\"en-US\"}]}<\/script>\n<!-- \/ Yoast SEO plugin. -->","yoast_head_json":{"title":"Open cooking classes - Helsingin Kulinaarinen Instituutti","description":"Cooking classes open for everyone. Read more!","robots":{"index":"index","follow":"follow","max-snippet":"max-snippet:-1","max-image-preview":"max-image-preview:large","max-video-preview":"max-video-preview:-1"},"canonical":"https:\/\/www.kulinaarineninstituutti.fi\/en\/cooking-classes\/open-cooking-classes\/","og_locale":"en_US","og_type":"article","og_title":"Open cooking classes - Helsingin Kulinaarinen Instituutti","og_description":"Cooking classes open for everyone. Read more!","og_url":"https:\/\/www.kulinaarineninstituutti.fi\/en\/cooking-classes\/open-cooking-classes\/","og_site_name":"Helsingin Kulinaarinen Instituutti","article_modified_time":"2026-01-05T13:52:19+00:00","og_image":[{"width":1920,"height":742,"url":"https:\/\/www.kulinaarineninstituutti.fi\/wp-content\/uploads\/2014\/01\/pasta_slider.jpg","type":"image\/jpeg"}],"twitter_misc":{"Est. reading time":"2 minutes"},"schema":{"@context":"https:\/\/schema.org","@graph":[{"@type":"WebPage","@id":"https:\/\/www.kulinaarineninstituutti.fi\/en\/cooking-classes\/open-cooking-classes\/","url":"https:\/\/www.kulinaarineninstituutti.fi\/en\/cooking-classes\/open-cooking-classes\/","name":"Open cooking classes - Helsingin Kulinaarinen Instituutti","isPartOf":{"@id":"https:\/\/www.kulinaarineninstituutti.fi\/en\/#website"},"datePublished":"2017-03-07T11:20:52+00:00","dateModified":"2026-01-05T13:52:19+00:00","description":"Cooking classes open for everyone. Read more!","breadcrumb":{"@id":"https:\/\/www.kulinaarineninstituutti.fi\/en\/cooking-classes\/open-cooking-classes\/#breadcrumb"},"inLanguage":"en-US","potentialAction":[{"@type":"ReadAction","target":["https:\/\/www.kulinaarineninstituutti.fi\/en\/cooking-classes\/open-cooking-classes\/"]}]},{"@type":"BreadcrumbList","@id":"https:\/\/www.kulinaarineninstituutti.fi\/en\/cooking-classes\/open-cooking-classes\/#breadcrumb","itemListElement":[{"@type":"ListItem","position":1,"name":"Home","item":"https:\/\/www.kulinaarineninstituutti.fi\/en\/"},{"@type":"ListItem","position":2,"name":"Cooking classes","item":"https:\/\/www.kulinaarineninstituutti.fi\/en\/cooking-classes\/"},{"@type":"ListItem","position":3,"name":"Open cooking classes"}]},{"@type":"WebSite","@id":"https:\/\/www.kulinaarineninstituutti.fi\/en\/#website","url":"https:\/\/www.kulinaarineninstituutti.fi\/en\/","name":"Helsingin Kulinaarinen Instituutti","description":"Meill\u00e4 tehd\u00e4\u00e4n mestarikokkeja!","potentialAction":[{"@type":"SearchAction","target":{"@type":"EntryPoint","urlTemplate":"https:\/\/www.kulinaarineninstituutti.fi\/en\/?s={search_term_string}"},"query-input":{"@type":"PropertyValueSpecification","valueRequired":true,"valueName":"search_term_string"}}],"inLanguage":"en-US"}]}},"_links":{"self":[{"href":"https:\/\/www.kulinaarineninstituutti.fi\/en\/wp-json\/wp\/v2\/pages\/1275","targetHints":{"allow":["GET"]}}],"collection":[{"href":"https:\/\/www.kulinaarineninstituutti.fi\/en\/wp-json\/wp\/v2\/pages"}],"about":[{"href":"https:\/\/www.kulinaarineninstituutti.fi\/en\/wp-json\/wp\/v2\/types\/page"}],"author":[{"embeddable":true,"href":"https:\/\/www.kulinaarineninstituutti.fi\/en\/wp-json\/wp\/v2\/users\/1"}],"replies":[{"embeddable":true,"href":"https:\/\/www.kulinaarineninstituutti.fi\/en\/wp-json\/wp\/v2\/comments?post=1275"}],"version-history":[{"count":18,"href":"https:\/\/www.kulinaarineninstituutti.fi\/en\/wp-json\/wp\/v2\/pages\/1275\/revisions"}],"predecessor-version":[{"id":2749,"href":"https:\/\/www.kulinaarineninstituutti.fi\/en\/wp-json\/wp\/v2\/pages\/1275\/revisions\/2749"}],"up":[{"embeddable":true,"href":"https:\/\/www.kulinaarineninstituutti.fi\/en\/wp-json\/wp\/v2\/pages\/1253"}],"wp:attachment":[{"href":"https:\/\/www.kulinaarineninstituutti.fi\/en\/wp-json\/wp\/v2\/media?parent=1275"}],"curies":[{"name":"wp","href":"https:\/\/api.w.org\/{rel}","templated":true}]}}