{"id":1253,"date":"2017-03-07T12:32:16","date_gmt":"2017-03-07T10:32:16","guid":{"rendered":"http:\/\/www.kulinaarineninstituutti.fi\/cooking-classes\/"},"modified":"2025-08-25T10:42:24","modified_gmt":"2025-08-25T07:42:24","slug":"cooking-classes","status":"publish","type":"page","link":"https:\/\/www.kulinaarineninstituutti.fi\/en\/cooking-classes\/","title":{"rendered":"Cooking classes"},"content":{"rendered":"\n  <div class=\"banner has-hover\" id=\"banner-196378027\">\n          <div class=\"banner-inner fill\">\n        <div class=\"banner-bg fill\" >\n            <img loading=\"lazy\" decoding=\"async\" width=\"1620\" height=\"1080\" src=\"https:\/\/www.kulinaarineninstituutti.fi\/wp-content\/uploads\/2025\/08\/DSC06725-Large.jpg\" class=\"bg attachment-original size-original\" alt=\"\" \/>                        <div class=\"overlay\"><\/div>            \n                    <\/div>\n\t\t\n        <div class=\"banner-layers container\">\n            <div class=\"fill banner-link\"><\/div>            \n   <div id=\"text-box-1695753238\" class=\"text-box banner-layer x50 md-x50 lg-x50 y50 md-y50 lg-y50 res-text\">\n                                <div class=\"text-box-content text dark\">\n              \n              <div class=\"text-inner text-center\">\n                  \n\t<div id=\"text-1236487208\" class=\"text\">\n\t\t\n<h3 class=\"uppercase\">Cooking classes to companies and friends! come and learn!<\/h3>\n<p>A night spent together with pots and pans is a great alternative for experiences and adventures aimed at businesses. A memorable surprise party organised by friends is definitely the best birthday gift. The kitchen is just the beginning for our parties!<br \/>\n\t\t\n<style>\n#text-1236487208 {\n  font-size: 0.9rem;\n}\n<\/style>\n\t<\/div>\n\t\n              <\/div>\n           <\/div>\n                            \n<style>\n#text-box-1695753238 {\n  width: 98%;\n}\n#text-box-1695753238 .text-box-content {\n  font-size: 100%;\n}\n@media (min-width:550px) {\n  #text-box-1695753238 {\n    width: 60%;\n  }\n}\n<\/style>\n    <\/div>\n \n        <\/div>\n      <\/div>\n\n            \n<style>\n#banner-196378027 {\n  padding-top: 500px;\n}\n#banner-196378027 .overlay {\n  background-color: rgba(0, 0, 0, 0.17);\n}\n#banner-196378027 .banner-bg img {\n  object-position: 0 10%;\n}\n<\/style>\n  <\/div>\n\n\n<div class=\"row\"  id=\"row-802032881\">\n\n\t<div id=\"col-392537436\" class=\"col medium-6 small-12 large-6\"  >\n\t\t\t\t<div class=\"col-inner\"  >\n\t\t\t\n\t\t\t\n\t<div class=\"img has-hover x md-x lg-x y md-y lg-y\" id=\"image_784239749\">\n\t\t\t\t\t\t\t\t<div class=\"img-inner image-cover dark\" style=\"padding-top:126%;\">\n\t\t\t<img loading=\"lazy\" decoding=\"async\" width=\"1620\" height=\"1080\" src=\"https:\/\/www.kulinaarineninstituutti.fi\/wp-content\/uploads\/2025\/04\/aleksanterinkatu13-20250321_MG_5735-Large.jpg\" class=\"attachment-original size-original\" alt=\"\" srcset=\"https:\/\/www.kulinaarineninstituutti.fi\/wp-content\/uploads\/2025\/04\/aleksanterinkatu13-20250321_MG_5735-Large.jpg 1620w, https:\/\/www.kulinaarineninstituutti.fi\/wp-content\/uploads\/2025\/04\/aleksanterinkatu13-20250321_MG_5735-Large-300x200.jpg 300w, https:\/\/www.kulinaarineninstituutti.fi\/wp-content\/uploads\/2025\/04\/aleksanterinkatu13-20250321_MG_5735-Large-1024x683.jpg 1024w, https:\/\/www.kulinaarineninstituutti.fi\/wp-content\/uploads\/2025\/04\/aleksanterinkatu13-20250321_MG_5735-Large-768x512.jpg 768w, https:\/\/www.kulinaarineninstituutti.fi\/wp-content\/uploads\/2025\/04\/aleksanterinkatu13-20250321_MG_5735-Large-1536x1024.jpg 1536w\" sizes=\"auto, (max-width: 1620px) 100vw, 1620px\" \/>\t\t\t\t\t\t\n\t\t\t\t\t<\/div>\n\t\t\t\t\t\t\t\t\n<style>\n#image_784239749 {\n  width: 100%;\n}\n<\/style>\n\t<\/div>\n\t\n\t\t<\/div>\n\t\t\t\t\t<\/div>\n\n\t\n\n\t<div id=\"col-1747995509\" class=\"col medium-6 small-12 large-6\"  >\n\t\t\t\t<div class=\"col-inner\"  >\n\t\t\t\n\t\t\t\n\t<div id=\"text-882204810\" class=\"text\">\n\t\t\n<h1 class=\"uppercase\"><strong>COOKING CLASSES<\/strong><\/h1>\n<h3>Helsinki \/ Lemp\u00e4\u00e4l\u00e4<\/h3>\n<p>The cooking party will be held in an amazing Art Nouveau building in the heart of Helsinki, or at our restaurant Villa Hakkari in Lemp\u00e4\u00e4l\u00e4, approx. a 1.5-hour drive from Helsinki.<\/p>\n<p>Every month, we have a different cooking class available at a discount, with the seasonal gourmet menu. You can also tell us about your special requests and participants, so that we can create a tasty offer for you. In addition to the theoretical overview, the price of a four-course cooking evening includes a feast with wines, a recipe booklet, and a Helsinki Culinary Institute apron you can use on site. There will also be a dishwasher-waiter present, to ensure that everything is running smoothly.<\/p>\n<p>When booked in advance, this course can be taught in English or Swedish. You can book our amazing meeting room before the cooking class, as well as catering for your event.<br \/>\n\t\t\n<style>\n#text-882204810 {\n  font-size: 1rem;\n}\n<\/style>\n\t<\/div>\n\t\n\t<div id=\"text-983125634\" class=\"text\">\n\t\t\n<h4>Surprise your friends and purchase gift card to our classes!<\/h4>\n<p>You can also purchase our popular gift card to our cooking classes.<br \/>\n\t\t\n<style>\n#text-983125634 {\n  font-size: 1rem;\n}\n<\/style>\n\t<\/div>\n\t\n<a href=\"https:\/\/kulinaarineninstituutti.eventiolive.fi\/lahjakortit\/\" target=\"_blank\" class=\"button primary\" rel=\"noopener\" >\n\t\t<span>Gift cards (shop in Finnish)<\/span>\n\t<\/a>\n\n\t\t<\/div>\n\t\t\t\t\n<style>\n#col-1747995509 > .col-inner {\n  padding: 23px 23px 23px 23px;\n}\n<\/style>\n\t<\/div>\n\n\t\n<\/div>\n","protected":false},"excerpt":{"rendered":"","protected":false},"author":1,"featured_media":0,"parent":0,"menu_order":0,"comment_status":"closed","ping_status":"closed","template":"page-blank.php","meta":{"footnotes":""},"class_list":["post-1253","page","type-page","status-publish","hentry"],"yoast_head":"<!-- This site is optimized with the Yoast SEO plugin v27.4 - https:\/\/yoast.com\/product\/yoast-seo-wordpress\/ -->\n<title>Cooking classes - Helsinki Culinary Institute<\/title>\n<meta name=\"description\" content=\"Cooking classes for companies and groups of friends! Come and learn new skills!\" \/>\n<meta name=\"robots\" content=\"index, follow, max-snippet:-1, max-image-preview:large, max-video-preview:-1\" \/>\n<link rel=\"canonical\" href=\"https:\/\/www.kulinaarineninstituutti.fi\/en\/cooking-classes\/\" \/>\n<meta property=\"og:locale\" content=\"en_US\" \/>\n<meta property=\"og:type\" content=\"article\" \/>\n<meta property=\"og:title\" content=\"Cooking classes - Helsinki Culinary Institute\" \/>\n<meta property=\"og:description\" content=\"Cooking classes for companies and groups of friends! Come and learn new skills!\" \/>\n<meta property=\"og:url\" content=\"https:\/\/www.kulinaarineninstituutti.fi\/en\/cooking-classes\/\" \/>\n<meta property=\"og:site_name\" content=\"Helsingin Kulinaarinen Instituutti\" \/>\n<meta property=\"article:modified_time\" content=\"2025-08-25T07:42:24+00:00\" \/>\n<meta property=\"og:image\" content=\"https:\/\/www.kulinaarineninstituutti.fi\/wp-content\/uploads\/2014\/01\/pasta_slider.jpg\" \/>\n\t<meta property=\"og:image:width\" content=\"1920\" \/>\n\t<meta property=\"og:image:height\" content=\"742\" \/>\n\t<meta property=\"og:image:type\" content=\"image\/jpeg\" \/>\n<meta name=\"twitter:label1\" content=\"Est. reading time\" \/>\n\t<meta name=\"twitter:data1\" content=\"2 minutes\" \/>\n<script type=\"application\/ld+json\" class=\"yoast-schema-graph\">{\"@context\":\"https:\\\/\\\/schema.org\",\"@graph\":[{\"@type\":\"WebPage\",\"@id\":\"https:\\\/\\\/www.kulinaarineninstituutti.fi\\\/en\\\/cooking-classes\\\/\",\"url\":\"https:\\\/\\\/www.kulinaarineninstituutti.fi\\\/en\\\/cooking-classes\\\/\",\"name\":\"Cooking classes - Helsinki Culinary Institute\",\"isPartOf\":{\"@id\":\"https:\\\/\\\/www.kulinaarineninstituutti.fi\\\/en\\\/#website\"},\"datePublished\":\"2017-03-07T10:32:16+00:00\",\"dateModified\":\"2025-08-25T07:42:24+00:00\",\"description\":\"Cooking classes for companies and groups of friends! Come and learn new skills!\",\"breadcrumb\":{\"@id\":\"https:\\\/\\\/www.kulinaarineninstituutti.fi\\\/en\\\/cooking-classes\\\/#breadcrumb\"},\"inLanguage\":\"en-US\",\"potentialAction\":[{\"@type\":\"ReadAction\",\"target\":[\"https:\\\/\\\/www.kulinaarineninstituutti.fi\\\/en\\\/cooking-classes\\\/\"]}]},{\"@type\":\"BreadcrumbList\",\"@id\":\"https:\\\/\\\/www.kulinaarineninstituutti.fi\\\/en\\\/cooking-classes\\\/#breadcrumb\",\"itemListElement\":[{\"@type\":\"ListItem\",\"position\":1,\"name\":\"Home\",\"item\":\"https:\\\/\\\/www.kulinaarineninstituutti.fi\\\/en\\\/\"},{\"@type\":\"ListItem\",\"position\":2,\"name\":\"Cooking classes\"}]},{\"@type\":\"WebSite\",\"@id\":\"https:\\\/\\\/www.kulinaarineninstituutti.fi\\\/en\\\/#website\",\"url\":\"https:\\\/\\\/www.kulinaarineninstituutti.fi\\\/en\\\/\",\"name\":\"Helsingin Kulinaarinen Instituutti\",\"description\":\"Meill\u00e4 tehd\u00e4\u00e4n mestarikokkeja!\",\"potentialAction\":[{\"@type\":\"SearchAction\",\"target\":{\"@type\":\"EntryPoint\",\"urlTemplate\":\"https:\\\/\\\/www.kulinaarineninstituutti.fi\\\/en\\\/?s={search_term_string}\"},\"query-input\":{\"@type\":\"PropertyValueSpecification\",\"valueRequired\":true,\"valueName\":\"search_term_string\"}}],\"inLanguage\":\"en-US\"}]}<\/script>\n<!-- \/ Yoast SEO plugin. -->","yoast_head_json":{"title":"Cooking classes - Helsinki Culinary Institute","description":"Cooking classes for companies and groups of friends! Come and learn new skills!","robots":{"index":"index","follow":"follow","max-snippet":"max-snippet:-1","max-image-preview":"max-image-preview:large","max-video-preview":"max-video-preview:-1"},"canonical":"https:\/\/www.kulinaarineninstituutti.fi\/en\/cooking-classes\/","og_locale":"en_US","og_type":"article","og_title":"Cooking classes - Helsinki Culinary Institute","og_description":"Cooking classes for companies and groups of friends! Come and learn new skills!","og_url":"https:\/\/www.kulinaarineninstituutti.fi\/en\/cooking-classes\/","og_site_name":"Helsingin Kulinaarinen Instituutti","article_modified_time":"2025-08-25T07:42:24+00:00","og_image":[{"width":1920,"height":742,"url":"https:\/\/www.kulinaarineninstituutti.fi\/wp-content\/uploads\/2014\/01\/pasta_slider.jpg","type":"image\/jpeg"}],"twitter_misc":{"Est. reading time":"2 minutes"},"schema":{"@context":"https:\/\/schema.org","@graph":[{"@type":"WebPage","@id":"https:\/\/www.kulinaarineninstituutti.fi\/en\/cooking-classes\/","url":"https:\/\/www.kulinaarineninstituutti.fi\/en\/cooking-classes\/","name":"Cooking classes - Helsinki Culinary Institute","isPartOf":{"@id":"https:\/\/www.kulinaarineninstituutti.fi\/en\/#website"},"datePublished":"2017-03-07T10:32:16+00:00","dateModified":"2025-08-25T07:42:24+00:00","description":"Cooking classes for companies and groups of friends! Come and learn new skills!","breadcrumb":{"@id":"https:\/\/www.kulinaarineninstituutti.fi\/en\/cooking-classes\/#breadcrumb"},"inLanguage":"en-US","potentialAction":[{"@type":"ReadAction","target":["https:\/\/www.kulinaarineninstituutti.fi\/en\/cooking-classes\/"]}]},{"@type":"BreadcrumbList","@id":"https:\/\/www.kulinaarineninstituutti.fi\/en\/cooking-classes\/#breadcrumb","itemListElement":[{"@type":"ListItem","position":1,"name":"Home","item":"https:\/\/www.kulinaarineninstituutti.fi\/en\/"},{"@type":"ListItem","position":2,"name":"Cooking classes"}]},{"@type":"WebSite","@id":"https:\/\/www.kulinaarineninstituutti.fi\/en\/#website","url":"https:\/\/www.kulinaarineninstituutti.fi\/en\/","name":"Helsingin Kulinaarinen Instituutti","description":"Meill\u00e4 tehd\u00e4\u00e4n mestarikokkeja!","potentialAction":[{"@type":"SearchAction","target":{"@type":"EntryPoint","urlTemplate":"https:\/\/www.kulinaarineninstituutti.fi\/en\/?s={search_term_string}"},"query-input":{"@type":"PropertyValueSpecification","valueRequired":true,"valueName":"search_term_string"}}],"inLanguage":"en-US"}]}},"_links":{"self":[{"href":"https:\/\/www.kulinaarineninstituutti.fi\/en\/wp-json\/wp\/v2\/pages\/1253","targetHints":{"allow":["GET"]}}],"collection":[{"href":"https:\/\/www.kulinaarineninstituutti.fi\/en\/wp-json\/wp\/v2\/pages"}],"about":[{"href":"https:\/\/www.kulinaarineninstituutti.fi\/en\/wp-json\/wp\/v2\/types\/page"}],"author":[{"embeddable":true,"href":"https:\/\/www.kulinaarineninstituutti.fi\/en\/wp-json\/wp\/v2\/users\/1"}],"replies":[{"embeddable":true,"href":"https:\/\/www.kulinaarineninstituutti.fi\/en\/wp-json\/wp\/v2\/comments?post=1253"}],"version-history":[{"count":7,"href":"https:\/\/www.kulinaarineninstituutti.fi\/en\/wp-json\/wp\/v2\/pages\/1253\/revisions"}],"predecessor-version":[{"id":2590,"href":"https:\/\/www.kulinaarineninstituutti.fi\/en\/wp-json\/wp\/v2\/pages\/1253\/revisions\/2590"}],"wp:attachment":[{"href":"https:\/\/www.kulinaarineninstituutti.fi\/en\/wp-json\/wp\/v2\/media?parent=1253"}],"curies":[{"name":"wp","href":"https:\/\/api.w.org\/{rel}","templated":true}]}}